{"id":16,"date":"2017-11-01T19:31:47","date_gmt":"2017-11-01T19:31:47","guid":{"rendered":"http:\/\/mazar-greifswald.de\/?page_id=16"},"modified":"2018-05-25T11:46:38","modified_gmt":"2018-05-25T11:46:38","slug":"datenschutzbelehrung","status":"publish","type":"page","link":"https:\/\/mazar-greifswald.de\/?page_id=16","title":{"rendered":"Datenschutzbelehrung"},"content":{"rendered":"<p class=\"paragraph_style_1\"><span class=\"style_2\">Datenschutzerkl\u00e4rung<br \/>\n<\/span><\/p>\n<p class=\"paragraph_style_1\"><span class=\"style_2\">Wir nehmen den Schutz Ihrer pers\u00f6nlichen Daten sehr ernst. Wir behandeln Ihre personenbezogenen Daten vertraulich und entsprechend der gesetzlichen Datenschutzvorschriften sowie dieser Datenschutzerkl\u00e4rung.<br \/>\n<\/span><\/p>\n<p class=\"paragraph_style_1\"><span class=\"style_2\">Die Nutzung unserer Webseite ist in der Regel ohne Angabe personenbezogener Daten m\u00f6glich. Soweit auf unseren Seiten personenbezogene Daten (beispielsweise Name, Anschrift oder E-Mail-Adressen) erhoben werden, erfolgt dies, soweit m\u00f6glich, stets auf freiwilliger Basis. Diese Daten werden ohne Ihre ausdr\u00fcckliche Zustimmung nicht an Dritte weitergegeben. Wir weisen darauf hin, dass die Daten\u00fcbertragung im Internet (z. B. bei der Kommunikation per E-Mail) Sicherheitsl\u00fccken aufweisen kann. Ein l\u00fcckenloser Schutz der Daten vor dem Zugriff durch Dritte ist nicht m\u00f6glich. Wir haben technische und organisatorische Ma\u00dfnahmen getroffen, die sicherstellen, dass die Vorschriften \u00fcber den Datenschutz von uns und von externen Dienstleistern stets beachtet werden.<\/span><\/p>\n<p class=\"paragraph_style_1\"><span class=\"style_2\">BESUCH UNSERER WEBSEITE<br \/>\n<\/span><\/p>\n<p class=\"paragraph_style_1\"><span class=\"style_2\">Bei einem Besuch unserer Webseiten erfassen wir, welche Seiten Sie aufrufen und wie lange Sie darauf verweilen. Dies dient insbesondere der textlich-inhaltlichen, grafischen und sowohl auch technischen Verbesserung unseres Webangebotes.<br \/>\n<\/span><\/p>\n<p class=\"paragraph_style_1\"><span class=\"style_2\">COOKIES<br \/>\n<\/span><\/p>\n<p class=\"paragraph_style_1\"><span class=\"style_2\">Die Dienste auf unseren Internetseiten verwenden an mehreren Stellen sogenannte Cookies. Sie dienen dazu, unser Angebot nutzerfreunderlicher, effektiver und sicherer zu machen. Cookies sind kleine Textdateien, die auf Ihrem Rechner abgelegt werden und die Ihr Browser speichert. Die von uns verwendeten Cookies sind sogenannte \u201eSession-Cookies\u201c. Sie werden nach Ende Ihres Besuchs automatisch gel\u00f6scht. Cookies richten auf Ihrem Rechner keinen Schaden an und enthalten keine Viren.<br \/>\n<\/span><\/p>\n<p class=\"paragraph_style_1\"><span class=\"style_2\">SERVER-LOG-FILES<br \/>\n<\/span><\/p>\n<p class=\"paragraph_style_1\"><span class=\"style_2\">Der Provider der Seiten erhebt und speichert automatisch Informationen in so genannten Server-Log Files, die Ihr Browser automatisch an uns \u00fcbermittelt. Dies sind:<br \/>\n<\/span><\/p>\n<p class=\"paragraph_style_1\"><span class=\"style_2\">&#8211; Browsertyp und Browserversion<br \/>\n<\/span><\/p>\n<p class=\"paragraph_style_1\"><span class=\"style_2\">&#8211; verwendetes Betriebssystem<br \/>\n<\/span><\/p>\n<p class=\"paragraph_style_1\"><span class=\"style_2\">&#8211; Referrer URL<br \/>\n<\/span><\/p>\n<p class=\"paragraph_style_1\"><span class=\"style_2\">&#8211; Hostname des zugreifenden Rechners<br \/>\n<\/span><\/p>\n<p class=\"paragraph_style_1\"><span class=\"style_2\">&#8211; Uhrzeit der Serveranfrage<br \/>\n<\/span><\/p>\n<p class=\"paragraph_style_1\"><span class=\"style_2\">Diese Daten sind nicht bestimmten Personen zuordenbar. Eine Zusammenf\u00fchrung dieser Daten mit anderen Datenquellen wird nicht vorgenommen. Wir behalten uns vor, diese Daten nachtr\u00e4glich zu pr\u00fcfen, wenn uns konkrete Anhaltspunkte f\u00fcr eine rechtswidrige Nutzung bekannt werden.<\/span><\/p>\n","protected":false},"excerpt":{"rendered":"<p>Datenschutzerkl\u00e4rung Wir nehmen den Schutz Ihrer pers\u00f6nlichen Daten sehr ernst. Wir behandeln Ihre personenbezogenen Daten vertraulich und entsprechend der gesetzlichen Datenschutzvorschriften sowie dieser Datenschutzerkl\u00e4rung. Die Nutzung unserer Webseite ist in der Regel ohne Angabe personenbezogener Daten m\u00f6glich. Soweit auf unseren Seiten personenbezogene Daten (beispielsweise Name, Anschrift oder E-Mail-Adressen) erhoben werden, erfolgt dies, soweit m\u00f6glich, stets [&hellip;]<\/p>\n","protected":false},"author":1,"featured_media":0,"parent":0,"menu_order":0,"comment_status":"closed","ping_status":"closed","template":"","meta":[],"_links":{"self":[{"href":"https:\/\/mazar-greifswald.de\/index.php?rest_route=\/wp\/v2\/pages\/16"}],"collection":[{"href":"https:\/\/mazar-greifswald.de\/index.php?rest_route=\/wp\/v2\/pages"}],"about":[{"href":"https:\/\/mazar-greifswald.de\/index.php?rest_route=\/wp\/v2\/types\/page"}],"author":[{"embeddable":true,"href":"https:\/\/mazar-greifswald.de\/index.php?rest_route=\/wp\/v2\/users\/1"}],"replies":[{"embeddable":true,"href":"https:\/\/mazar-greifswald.de\/index.php?rest_route=%2Fwp%2Fv2%2Fcomments&post=16"}],"version-history":[{"count":2,"href":"https:\/\/mazar-greifswald.de\/index.php?rest_route=\/wp\/v2\/pages\/16\/revisions"}],"predecessor-version":[{"id":42,"href":"https:\/\/mazar-greifswald.de\/index.php?rest_route=\/wp\/v2\/pages\/16\/revisions\/42"}],"wp:attachment":[{"href":"https:\/\/mazar-greifswald.de\/index.php?rest_route=%2Fwp%2Fv2%2Fmedia&parent=16"}],"curies":[{"name":"wp","href":"https:\/\/api.w.org\/{rel}","templated":true}]}}